{"id":570,"date":"2021-11-02T18:44:57","date_gmt":"2021-11-02T18:44:57","guid":{"rendered":"https:\/\/cureandcare.pt\/wp\/?page_id=570"},"modified":"2021-12-01T17:25:00","modified_gmt":"2021-12-01T17:25:00","slug":"massagem-modeladora-redutora","status":"publish","type":"page","link":"https:\/\/cureandcare.pt\/wp\/massagem-modeladora-redutora\/","title":{"rendered":"Massagem Modeladora Redutora"},"content":{"rendered":"\t\t<div data-elementor-type=\"wp-page\" data-elementor-id=\"570\" class=\"elementor elementor-570\">\n\t\t\t\t\t\t<section class=\"elementor-section elementor-top-section elementor-element elementor-element-04123b6 elementor-section-boxed elementor-section-height-default elementor-section-height-default\" data-id=\"04123b6\" data-element_type=\"section\">\n\t\t\t\t\t\t<div class=\"elementor-container elementor-column-gap-default\">\n\t\t\t\t\t<div class=\"elementor-column elementor-col-100 elementor-top-column elementor-element elementor-element-50631e6\" data-id=\"50631e6\" data-element_type=\"column\">\n\t\t\t<div class=\"elementor-widget-wrap elementor-element-populated\">\n\t\t\t\t\t\t<div class=\"elementor-element elementor-element-d68b257 elementor-widget elementor-widget-heading\" data-id=\"d68b257\" data-element_type=\"widget\" data-widget_type=\"heading.default\">\n\t\t\t\t<div class=\"elementor-widget-container\">\n\t\t\t\t\t<h2 class=\"elementor-heading-title elementor-size-default\">Massagem Modeladora Redutora<\/h2>\t\t\t\t<\/div>\n\t\t\t\t<\/div>\n\t\t\t\t\t<\/div>\n\t\t<\/div>\n\t\t\t\t\t<\/div>\n\t\t<\/section>\n\t\t\t\t<section class=\"elementor-section elementor-top-section elementor-element elementor-element-4021f94 elementor-section-boxed elementor-section-height-default elementor-section-height-default\" data-id=\"4021f94\" data-element_type=\"section\">\n\t\t\t\t\t\t<div class=\"elementor-container elementor-column-gap-default\">\n\t\t\t\t\t<div class=\"elementor-column elementor-col-50 elementor-top-column elementor-element elementor-element-b75e8cb\" data-id=\"b75e8cb\" data-element_type=\"column\">\n\t\t\t<div class=\"elementor-widget-wrap elementor-element-populated\">\n\t\t\t\t\t\t<div class=\"elementor-element elementor-element-1a50d5d elementor-widget elementor-widget-image\" data-id=\"1a50d5d\" data-element_type=\"widget\" data-widget_type=\"image.default\">\n\t\t\t\t<div class=\"elementor-widget-container\">\n\t\t\t\t\t\t\t\t\t\t\t\t\t\t\t<img fetchpriority=\"high\" decoding=\"async\" width=\"2560\" height=\"1707\" src=\"https:\/\/cureandcare.pt\/wp\/wp-content\/uploads\/2021\/11\/Massagem-Modeladora-Redutora_CureAndCare-scaled.jpg\" class=\"attachment-full size-full wp-image-560\" alt=\"\" srcset=\"https:\/\/cureandcare.pt\/wp\/wp-content\/uploads\/2021\/11\/Massagem-Modeladora-Redutora_CureAndCare-scaled.jpg 2560w, https:\/\/cureandcare.pt\/wp\/wp-content\/uploads\/2021\/11\/Massagem-Modeladora-Redutora_CureAndCare-300x200.jpg 300w, https:\/\/cureandcare.pt\/wp\/wp-content\/uploads\/2021\/11\/Massagem-Modeladora-Redutora_CureAndCare-1024x683.jpg 1024w, https:\/\/cureandcare.pt\/wp\/wp-content\/uploads\/2021\/11\/Massagem-Modeladora-Redutora_CureAndCare-768x512.jpg 768w, https:\/\/cureandcare.pt\/wp\/wp-content\/uploads\/2021\/11\/Massagem-Modeladora-Redutora_CureAndCare-1536x1024.jpg 1536w, https:\/\/cureandcare.pt\/wp\/wp-content\/uploads\/2021\/11\/Massagem-Modeladora-Redutora_CureAndCare-2048x1365.jpg 2048w\" sizes=\"(max-width: 2560px) 100vw, 2560px\" \/>\t\t\t\t\t\t\t\t\t\t\t\t\t\t\t<\/div>\n\t\t\t\t<\/div>\n\t\t\t\t\t<\/div>\n\t\t<\/div>\n\t\t\t\t<div class=\"elementor-column elementor-col-50 elementor-top-column elementor-element elementor-element-710523b\" data-id=\"710523b\" data-element_type=\"column\">\n\t\t\t<div class=\"elementor-widget-wrap elementor-element-populated\">\n\t\t\t\t\t\t<div class=\"elementor-element elementor-element-30ebf72 elementor-widget elementor-widget-text-editor\" data-id=\"30ebf72\" data-element_type=\"widget\" data-widget_type=\"text-editor.default\">\n\t\t\t\t<div class=\"elementor-widget-container\">\n\t\t\t\t\t\t\t\t\t<p>A Massagem Modeladora Redutora \u00e9 uma t\u00e9cnica de massagem manual, na qual s\u00e3o aplicados movimentos r\u00e1pidos e vigorosos de amassamento e de deslizamento profundo, promovendo a elimina\u00e7\u00e3o e atenua\u00e7\u00e3o da celulite e a modela\u00e7\u00e3o corporal.<\/p><p>Aliada \u00e0 massagem s\u00e3o utilizadas t\u00e9cnicas de ventosaterapia que consistem na aplica\u00e7\u00e3o de copos de silicone, que criam uma press\u00e3o negativa imposta pelo v\u00e1cuo e que provocam a suc\u00e7\u00e3o da pele.<\/p><p>Estas t\u00e9cnicas de massagem formam uma dupla perfeita ajudando eficazmente a movimentar o sangue e os l\u00edquidos corporais, promovendo a vasodilata\u00e7\u00e3o e a purifica\u00e7\u00e3o dos tecidos e removendo as toxinas. Como consequ\u00eancia a sua pele fica mais lisa, mais brilhante e mais tonificada.<\/p><p>Sendo uma poderosa aliada do exerc\u00edcio f\u00edsico e da alimenta\u00e7\u00e3o saud\u00e1vel, a massagem modeladora redutora facilita e promove a obten\u00e7\u00e3o de resultados mais r\u00e1pidos e duradouros<\/p>\t\t\t\t\t\t\t\t<\/div>\n\t\t\t\t<\/div>\n\t\t\t\t\t<\/div>\n\t\t<\/div>\n\t\t\t\t\t<\/div>\n\t\t<\/section>\n\t\t\t\t<\/div>\n\t\t","protected":false},"excerpt":{"rendered":"<p>Massagem Modeladora Redutora A Massagem Modeladora Redutora \u00e9 uma t\u00e9cnica de massagem manual, na qual s\u00e3o aplicados movimentos r\u00e1pidos e vigorosos de amassamento e de deslizamento profundo, promovendo a elimina\u00e7\u00e3o e atenua\u00e7\u00e3o da celulite e a modela\u00e7\u00e3o corporal. Aliada \u00e0 massagem s\u00e3o utilizadas t\u00e9cnicas de ventosaterapia que consistem na aplica\u00e7\u00e3o de copos de silicone, que [&hellip;]<\/p>\n","protected":false},"author":1,"featured_media":0,"parent":0,"menu_order":0,"comment_status":"closed","ping_status":"closed","template":"elementor_header_footer","meta":{"footnotes":""},"class_list":["post-570","page","type-page","status-publish","hentry"],"yoast_head":"<!-- This site is optimized with the Yoast SEO plugin v25.2 - https:\/\/yoast.com\/wordpress\/plugins\/seo\/ -->\n<title>Massagem Modeladora Redutora - CURE &amp; CARE<\/title>\n<meta name=\"robots\" content=\"index, follow, max-snippet:-1, max-image-preview:large, max-video-preview:-1\" \/>\n<link rel=\"canonical\" href=\"https:\/\/cureandcare.pt\/wp\/massagem-modeladora-redutora\/\" \/>\n<meta property=\"og:locale\" content=\"pt_PT\" \/>\n<meta property=\"og:type\" content=\"article\" \/>\n<meta property=\"og:title\" content=\"Massagem Modeladora Redutora - CURE &amp; CARE\" \/>\n<meta property=\"og:description\" content=\"Massagem Modeladora Redutora A Massagem Modeladora Redutora \u00e9 uma t\u00e9cnica de massagem manual, na qual s\u00e3o aplicados movimentos r\u00e1pidos e vigorosos de amassamento e de deslizamento profundo, promovendo a elimina\u00e7\u00e3o e atenua\u00e7\u00e3o da celulite e a modela\u00e7\u00e3o corporal. Aliada \u00e0 massagem s\u00e3o utilizadas t\u00e9cnicas de ventosaterapia que consistem na aplica\u00e7\u00e3o de copos de silicone, que [&hellip;]\" \/>\n<meta property=\"og:url\" content=\"https:\/\/cureandcare.pt\/wp\/massagem-modeladora-redutora\/\" \/>\n<meta property=\"og:site_name\" content=\"CURE &amp; CARE\" \/>\n<meta property=\"article:modified_time\" content=\"2021-12-01T17:25:00+00:00\" \/>\n<meta property=\"og:image\" content=\"https:\/\/cureandcare.pt\/wp\/wp-content\/uploads\/2021\/11\/Massagem-Modeladora-Redutora_CureAndCare-scaled.jpg\" \/>\n<meta name=\"twitter:card\" content=\"summary_large_image\" \/>\n<meta name=\"twitter:label1\" content=\"Tempo estimado de leitura\" \/>\n\t<meta name=\"twitter:data1\" content=\"1 minuto\" \/>\n<script type=\"application\/ld+json\" class=\"yoast-schema-graph\">{\"@context\":\"https:\/\/schema.org\",\"@graph\":[{\"@type\":\"WebPage\",\"@id\":\"https:\/\/cureandcare.pt\/wp\/massagem-modeladora-redutora\/\",\"url\":\"https:\/\/cureandcare.pt\/wp\/massagem-modeladora-redutora\/\",\"name\":\"Massagem Modeladora Redutora - CURE &amp; CARE\",\"isPartOf\":{\"@id\":\"https:\/\/cureandcare.pt\/wp\/#website\"},\"primaryImageOfPage\":{\"@id\":\"https:\/\/cureandcare.pt\/wp\/massagem-modeladora-redutora\/#primaryimage\"},\"image\":{\"@id\":\"https:\/\/cureandcare.pt\/wp\/massagem-modeladora-redutora\/#primaryimage\"},\"thumbnailUrl\":\"https:\/\/cureandcare.pt\/wp\/wp-content\/uploads\/2021\/11\/Massagem-Modeladora-Redutora_CureAndCare-scaled.jpg\",\"datePublished\":\"2021-11-02T18:44:57+00:00\",\"dateModified\":\"2021-12-01T17:25:00+00:00\",\"breadcrumb\":{\"@id\":\"https:\/\/cureandcare.pt\/wp\/massagem-modeladora-redutora\/#breadcrumb\"},\"inLanguage\":\"pt-PT\",\"potentialAction\":[{\"@type\":\"ReadAction\",\"target\":[\"https:\/\/cureandcare.pt\/wp\/massagem-modeladora-redutora\/\"]}]},{\"@type\":\"ImageObject\",\"inLanguage\":\"pt-PT\",\"@id\":\"https:\/\/cureandcare.pt\/wp\/massagem-modeladora-redutora\/#primaryimage\",\"url\":\"https:\/\/cureandcare.pt\/wp\/wp-content\/uploads\/2021\/11\/Massagem-Modeladora-Redutora_CureAndCare-scaled.jpg\",\"contentUrl\":\"https:\/\/cureandcare.pt\/wp\/wp-content\/uploads\/2021\/11\/Massagem-Modeladora-Redutora_CureAndCare-scaled.jpg\",\"width\":2560,\"height\":1707,\"caption\":\"Detail of hands massaging human calf muscle.Therapist applying pressure on female leg.\"},{\"@type\":\"BreadcrumbList\",\"@id\":\"https:\/\/cureandcare.pt\/wp\/massagem-modeladora-redutora\/#breadcrumb\",\"itemListElement\":[{\"@type\":\"ListItem\",\"position\":1,\"name\":\"In\u00edcio\",\"item\":\"https:\/\/cureandcare.pt\/wp\/\"},{\"@type\":\"ListItem\",\"position\":2,\"name\":\"Massagem Modeladora Redutora\"}]},{\"@type\":\"WebSite\",\"@id\":\"https:\/\/cureandcare.pt\/wp\/#website\",\"url\":\"https:\/\/cureandcare.pt\/wp\/\",\"name\":\"CURE &amp; CARE\",\"description\":\"Cuidados e Preven\u00e7\u00e3o para a Sa\u00fade.\",\"publisher\":{\"@id\":\"https:\/\/cureandcare.pt\/wp\/#organization\"},\"potentialAction\":[{\"@type\":\"SearchAction\",\"target\":{\"@type\":\"EntryPoint\",\"urlTemplate\":\"https:\/\/cureandcare.pt\/wp\/?s={search_term_string}\"},\"query-input\":{\"@type\":\"PropertyValueSpecification\",\"valueRequired\":true,\"valueName\":\"search_term_string\"}}],\"inLanguage\":\"pt-PT\"},{\"@type\":\"Organization\",\"@id\":\"https:\/\/cureandcare.pt\/wp\/#organization\",\"name\":\"CURE &amp; CARE\",\"url\":\"https:\/\/cureandcare.pt\/wp\/\",\"logo\":{\"@type\":\"ImageObject\",\"inLanguage\":\"pt-PT\",\"@id\":\"https:\/\/cureandcare.pt\/wp\/#\/schema\/logo\/image\/\",\"url\":\"https:\/\/cureandcare.pt\/wp\/wp-content\/uploads\/2021\/10\/Cureandcarelogo__white.png\",\"contentUrl\":\"https:\/\/cureandcare.pt\/wp\/wp-content\/uploads\/2021\/10\/Cureandcarelogo__white.png\",\"width\":350,\"height\":100,\"caption\":\"CURE &amp; CARE\"},\"image\":{\"@id\":\"https:\/\/cureandcare.pt\/wp\/#\/schema\/logo\/image\/\"}}]}<\/script>\n<!-- \/ Yoast SEO plugin. -->","yoast_head_json":{"title":"Massagem Modeladora Redutora - CURE &amp; CARE","robots":{"index":"index","follow":"follow","max-snippet":"max-snippet:-1","max-image-preview":"max-image-preview:large","max-video-preview":"max-video-preview:-1"},"canonical":"https:\/\/cureandcare.pt\/wp\/massagem-modeladora-redutora\/","og_locale":"pt_PT","og_type":"article","og_title":"Massagem Modeladora Redutora - CURE &amp; CARE","og_description":"Massagem Modeladora Redutora A Massagem Modeladora Redutora \u00e9 uma t\u00e9cnica de massagem manual, na qual s\u00e3o aplicados movimentos r\u00e1pidos e vigorosos de amassamento e de deslizamento profundo, promovendo a elimina\u00e7\u00e3o e atenua\u00e7\u00e3o da celulite e a modela\u00e7\u00e3o corporal. Aliada \u00e0 massagem s\u00e3o utilizadas t\u00e9cnicas de ventosaterapia que consistem na aplica\u00e7\u00e3o de copos de silicone, que [&hellip;]","og_url":"https:\/\/cureandcare.pt\/wp\/massagem-modeladora-redutora\/","og_site_name":"CURE &amp; CARE","article_modified_time":"2021-12-01T17:25:00+00:00","og_image":[{"url":"https:\/\/cureandcare.pt\/wp\/wp-content\/uploads\/2021\/11\/Massagem-Modeladora-Redutora_CureAndCare-scaled.jpg","type":"","width":"","height":""}],"twitter_card":"summary_large_image","twitter_misc":{"Tempo estimado de leitura":"1 minuto"},"schema":{"@context":"https:\/\/schema.org","@graph":[{"@type":"WebPage","@id":"https:\/\/cureandcare.pt\/wp\/massagem-modeladora-redutora\/","url":"https:\/\/cureandcare.pt\/wp\/massagem-modeladora-redutora\/","name":"Massagem Modeladora Redutora - CURE &amp; CARE","isPartOf":{"@id":"https:\/\/cureandcare.pt\/wp\/#website"},"primaryImageOfPage":{"@id":"https:\/\/cureandcare.pt\/wp\/massagem-modeladora-redutora\/#primaryimage"},"image":{"@id":"https:\/\/cureandcare.pt\/wp\/massagem-modeladora-redutora\/#primaryimage"},"thumbnailUrl":"https:\/\/cureandcare.pt\/wp\/wp-content\/uploads\/2021\/11\/Massagem-Modeladora-Redutora_CureAndCare-scaled.jpg","datePublished":"2021-11-02T18:44:57+00:00","dateModified":"2021-12-01T17:25:00+00:00","breadcrumb":{"@id":"https:\/\/cureandcare.pt\/wp\/massagem-modeladora-redutora\/#breadcrumb"},"inLanguage":"pt-PT","potentialAction":[{"@type":"ReadAction","target":["https:\/\/cureandcare.pt\/wp\/massagem-modeladora-redutora\/"]}]},{"@type":"ImageObject","inLanguage":"pt-PT","@id":"https:\/\/cureandcare.pt\/wp\/massagem-modeladora-redutora\/#primaryimage","url":"https:\/\/cureandcare.pt\/wp\/wp-content\/uploads\/2021\/11\/Massagem-Modeladora-Redutora_CureAndCare-scaled.jpg","contentUrl":"https:\/\/cureandcare.pt\/wp\/wp-content\/uploads\/2021\/11\/Massagem-Modeladora-Redutora_CureAndCare-scaled.jpg","width":2560,"height":1707,"caption":"Detail of hands massaging human calf muscle.Therapist applying pressure on female leg."},{"@type":"BreadcrumbList","@id":"https:\/\/cureandcare.pt\/wp\/massagem-modeladora-redutora\/#breadcrumb","itemListElement":[{"@type":"ListItem","position":1,"name":"In\u00edcio","item":"https:\/\/cureandcare.pt\/wp\/"},{"@type":"ListItem","position":2,"name":"Massagem Modeladora Redutora"}]},{"@type":"WebSite","@id":"https:\/\/cureandcare.pt\/wp\/#website","url":"https:\/\/cureandcare.pt\/wp\/","name":"CURE &amp; CARE","description":"Cuidados e Preven\u00e7\u00e3o para a Sa\u00fade.","publisher":{"@id":"https:\/\/cureandcare.pt\/wp\/#organization"},"potentialAction":[{"@type":"SearchAction","target":{"@type":"EntryPoint","urlTemplate":"https:\/\/cureandcare.pt\/wp\/?s={search_term_string}"},"query-input":{"@type":"PropertyValueSpecification","valueRequired":true,"valueName":"search_term_string"}}],"inLanguage":"pt-PT"},{"@type":"Organization","@id":"https:\/\/cureandcare.pt\/wp\/#organization","name":"CURE &amp; CARE","url":"https:\/\/cureandcare.pt\/wp\/","logo":{"@type":"ImageObject","inLanguage":"pt-PT","@id":"https:\/\/cureandcare.pt\/wp\/#\/schema\/logo\/image\/","url":"https:\/\/cureandcare.pt\/wp\/wp-content\/uploads\/2021\/10\/Cureandcarelogo__white.png","contentUrl":"https:\/\/cureandcare.pt\/wp\/wp-content\/uploads\/2021\/10\/Cureandcarelogo__white.png","width":350,"height":100,"caption":"CURE &amp; CARE"},"image":{"@id":"https:\/\/cureandcare.pt\/wp\/#\/schema\/logo\/image\/"}}]}},"_links":{"self":[{"href":"https:\/\/cureandcare.pt\/wp\/wp-json\/wp\/v2\/pages\/570","targetHints":{"allow":["GET"]}}],"collection":[{"href":"https:\/\/cureandcare.pt\/wp\/wp-json\/wp\/v2\/pages"}],"about":[{"href":"https:\/\/cureandcare.pt\/wp\/wp-json\/wp\/v2\/types\/page"}],"author":[{"embeddable":true,"href":"https:\/\/cureandcare.pt\/wp\/wp-json\/wp\/v2\/users\/1"}],"replies":[{"embeddable":true,"href":"https:\/\/cureandcare.pt\/wp\/wp-json\/wp\/v2\/comments?post=570"}],"version-history":[{"count":7,"href":"https:\/\/cureandcare.pt\/wp\/wp-json\/wp\/v2\/pages\/570\/revisions"}],"predecessor-version":[{"id":896,"href":"https:\/\/cureandcare.pt\/wp\/wp-json\/wp\/v2\/pages\/570\/revisions\/896"}],"wp:attachment":[{"href":"https:\/\/cureandcare.pt\/wp\/wp-json\/wp\/v2\/media?parent=570"}],"curies":[{"name":"wp","href":"https:\/\/api.w.org\/{rel}","templated":true}]}}