{"id":593,"date":"2021-11-02T18:57:24","date_gmt":"2021-11-02T18:57:24","guid":{"rendered":"https:\/\/cureandcare.pt\/wp\/?page_id=593"},"modified":"2021-12-01T17:22:00","modified_gmt":"2021-12-01T17:22:00","slug":"drenagem-linfatica-manual","status":"publish","type":"page","link":"https:\/\/cureandcare.pt\/wp\/drenagem-linfatica-manual\/","title":{"rendered":"Drenagem Linf\u00e1tica Manual"},"content":{"rendered":"\t\t<div data-elementor-type=\"wp-page\" data-elementor-id=\"593\" class=\"elementor elementor-593\">\n\t\t\t\t\t\t<section class=\"elementor-section elementor-top-section elementor-element elementor-element-04123b6 elementor-section-boxed elementor-section-height-default elementor-section-height-default\" data-id=\"04123b6\" data-element_type=\"section\">\n\t\t\t\t\t\t<div class=\"elementor-container elementor-column-gap-default\">\n\t\t\t\t\t<div class=\"elementor-column elementor-col-100 elementor-top-column elementor-element elementor-element-50631e6\" data-id=\"50631e6\" data-element_type=\"column\">\n\t\t\t<div class=\"elementor-widget-wrap\">\n\t\t\t\t\t\t\t<\/div>\n\t\t<\/div>\n\t\t\t\t\t<\/div>\n\t\t<\/section>\n\t\t\t\t<section class=\"elementor-section elementor-top-section elementor-element elementor-element-4021f94 elementor-section-boxed elementor-section-height-default elementor-section-height-default\" data-id=\"4021f94\" data-element_type=\"section\">\n\t\t\t\t\t\t<div class=\"elementor-container elementor-column-gap-default\">\n\t\t\t\t\t<div class=\"elementor-column elementor-col-50 elementor-top-column elementor-element elementor-element-b75e8cb\" data-id=\"b75e8cb\" data-element_type=\"column\">\n\t\t\t<div class=\"elementor-widget-wrap elementor-element-populated\">\n\t\t\t\t\t\t<div class=\"elementor-element elementor-element-d68b257 elementor-widget elementor-widget-heading\" data-id=\"d68b257\" data-element_type=\"widget\" data-widget_type=\"heading.default\">\n\t\t\t\t<div class=\"elementor-widget-container\">\n\t\t\t\t\t<h2 class=\"elementor-heading-title elementor-size-default\">Drenagem Linf\u00e1tica Manual<\/h2>\t\t\t\t<\/div>\n\t\t\t\t<\/div>\n\t\t\t\t<div class=\"elementor-element elementor-element-1a50d5d elementor-widget elementor-widget-image\" data-id=\"1a50d5d\" data-element_type=\"widget\" data-widget_type=\"image.default\">\n\t\t\t\t<div class=\"elementor-widget-container\">\n\t\t\t\t\t\t\t\t\t\t\t\t\t\t\t<img fetchpriority=\"high\" decoding=\"async\" width=\"2560\" height=\"1709\" src=\"https:\/\/cureandcare.pt\/wp\/wp-content\/uploads\/2021\/11\/Drenagem-Linfa\u0301tica-Manual_CureAndCare-scaled.jpg\" class=\"attachment-full size-full wp-image-589\" alt=\"\" srcset=\"https:\/\/cureandcare.pt\/wp\/wp-content\/uploads\/2021\/11\/Drenagem-Linfa\u0301tica-Manual_CureAndCare-scaled.jpg 2560w, https:\/\/cureandcare.pt\/wp\/wp-content\/uploads\/2021\/11\/Drenagem-Linfa\u0301tica-Manual_CureAndCare-300x200.jpg 300w, https:\/\/cureandcare.pt\/wp\/wp-content\/uploads\/2021\/11\/Drenagem-Linfa\u0301tica-Manual_CureAndCare-1024x683.jpg 1024w, https:\/\/cureandcare.pt\/wp\/wp-content\/uploads\/2021\/11\/Drenagem-Linfa\u0301tica-Manual_CureAndCare-768x513.jpg 768w, https:\/\/cureandcare.pt\/wp\/wp-content\/uploads\/2021\/11\/Drenagem-Linfa\u0301tica-Manual_CureAndCare-1536x1025.jpg 1536w, https:\/\/cureandcare.pt\/wp\/wp-content\/uploads\/2021\/11\/Drenagem-Linfa\u0301tica-Manual_CureAndCare-2048x1367.jpg 2048w\" sizes=\"(max-width: 2560px) 100vw, 2560px\" \/>\t\t\t\t\t\t\t\t\t\t\t\t\t\t\t<\/div>\n\t\t\t\t<\/div>\n\t\t\t\t\t<\/div>\n\t\t<\/div>\n\t\t\t\t<div class=\"elementor-column elementor-col-50 elementor-top-column elementor-element elementor-element-710523b\" data-id=\"710523b\" data-element_type=\"column\">\n\t\t\t<div class=\"elementor-widget-wrap elementor-element-populated\">\n\t\t\t\t\t\t<div class=\"elementor-element elementor-element-4097fd9 elementor-widget elementor-widget-spacer\" data-id=\"4097fd9\" data-element_type=\"widget\" data-widget_type=\"spacer.default\">\n\t\t\t\t<div class=\"elementor-widget-container\">\n\t\t\t\t\t\t\t<div class=\"elementor-spacer\">\n\t\t\t<div class=\"elementor-spacer-inner\"><\/div>\n\t\t<\/div>\n\t\t\t\t\t\t<\/div>\n\t\t\t\t<\/div>\n\t\t\t\t<div class=\"elementor-element elementor-element-30ebf72 elementor-widget elementor-widget-text-editor\" data-id=\"30ebf72\" data-element_type=\"widget\" data-widget_type=\"text-editor.default\">\n\t\t\t\t<div class=\"elementor-widget-container\">\n\t\t\t\t\t\t\t\t\t<p>O Sistema Linf\u00e1tico \u00e9 o sistema celular base de purifica\u00e7\u00e3o e de desintoxica\u00e7\u00e3o do organismo, sendo tamb\u00e9m a base do Sistema Imunit\u00e1rio, revelando-se essencial na prote\u00e7\u00e3o e cura de doen\u00e7as.<\/p><p>A Drenagem Linf\u00e1tica Manual consiste numa massagem suave, lenta e indolor que estimula os sistemas venoso e linf\u00e1tico, ativando a circula\u00e7\u00e3o local.<\/p><p>Deste modo a drenagem linf\u00e1tica manual diminui a dor, o edema e a sensa\u00e7\u00e3o de pernas pesadas, atua eficazmente na redu\u00e7\u00e3o da celulite e no aspeto casca de laranja, melhorando a circula\u00e7\u00e3o e combatendo a gordura localizada;<\/p><p>Comumente \u00e9 utilizada como terap\u00eautica complementar no tratamento de edemas p\u00f3s-cir\u00fargicos nos mais variados locais do corpo.<\/p><p>Esta massagem \u00e9 recomend\u00e1vel para gestantes promovendo uma melhoria do bem-estar e humor da gr\u00e1vida.<\/p>\t\t\t\t\t\t\t\t<\/div>\n\t\t\t\t<\/div>\n\t\t\t\t\t<\/div>\n\t\t<\/div>\n\t\t\t\t\t<\/div>\n\t\t<\/section>\n\t\t\t\t<\/div>\n\t\t","protected":false},"excerpt":{"rendered":"<p>Drenagem Linf\u00e1tica Manual O Sistema Linf\u00e1tico \u00e9 o sistema celular base de purifica\u00e7\u00e3o e de desintoxica\u00e7\u00e3o do organismo, sendo tamb\u00e9m a base do Sistema Imunit\u00e1rio, revelando-se essencial na prote\u00e7\u00e3o e cura de doen\u00e7as. A Drenagem Linf\u00e1tica Manual consiste numa massagem suave, lenta e indolor que estimula os sistemas venoso e linf\u00e1tico, ativando a circula\u00e7\u00e3o local. [&hellip;]<\/p>\n","protected":false},"author":1,"featured_media":0,"parent":0,"menu_order":0,"comment_status":"closed","ping_status":"closed","template":"elementor_header_footer","meta":{"footnotes":""},"class_list":["post-593","page","type-page","status-publish","hentry"],"yoast_head":"<!-- This site is optimized with the Yoast SEO plugin v25.2 - https:\/\/yoast.com\/wordpress\/plugins\/seo\/ -->\n<title>Drenagem Linf\u00e1tica Manual - CURE &amp; CARE<\/title>\n<meta name=\"robots\" content=\"index, follow, max-snippet:-1, max-image-preview:large, max-video-preview:-1\" \/>\n<link rel=\"canonical\" href=\"https:\/\/cureandcare.pt\/wp\/drenagem-linfatica-manual\/\" \/>\n<meta property=\"og:locale\" content=\"pt_PT\" \/>\n<meta property=\"og:type\" content=\"article\" \/>\n<meta property=\"og:title\" content=\"Drenagem Linf\u00e1tica Manual - CURE &amp; CARE\" \/>\n<meta property=\"og:description\" content=\"Drenagem Linf\u00e1tica Manual O Sistema Linf\u00e1tico \u00e9 o sistema celular base de purifica\u00e7\u00e3o e de desintoxica\u00e7\u00e3o do organismo, sendo tamb\u00e9m a base do Sistema Imunit\u00e1rio, revelando-se essencial na prote\u00e7\u00e3o e cura de doen\u00e7as. A Drenagem Linf\u00e1tica Manual consiste numa massagem suave, lenta e indolor que estimula os sistemas venoso e linf\u00e1tico, ativando a circula\u00e7\u00e3o local. [&hellip;]\" \/>\n<meta property=\"og:url\" content=\"https:\/\/cureandcare.pt\/wp\/drenagem-linfatica-manual\/\" \/>\n<meta property=\"og:site_name\" content=\"CURE &amp; CARE\" \/>\n<meta property=\"article:modified_time\" content=\"2021-12-01T17:22:00+00:00\" \/>\n<meta property=\"og:image\" content=\"https:\/\/cureandcare.pt\/wp\/wp-content\/uploads\/2021\/11\/Drenagem-Linfa\u0301tica-Manual_CureAndCare-scaled.jpg\" \/>\n<meta name=\"twitter:card\" content=\"summary_large_image\" \/>\n<meta name=\"twitter:label1\" content=\"Tempo estimado de leitura\" \/>\n\t<meta name=\"twitter:data1\" content=\"1 minuto\" \/>\n<script type=\"application\/ld+json\" class=\"yoast-schema-graph\">{\"@context\":\"https:\/\/schema.org\",\"@graph\":[{\"@type\":\"WebPage\",\"@id\":\"https:\/\/cureandcare.pt\/wp\/drenagem-linfatica-manual\/\",\"url\":\"https:\/\/cureandcare.pt\/wp\/drenagem-linfatica-manual\/\",\"name\":\"Drenagem Linf\u00e1tica Manual - CURE &amp; CARE\",\"isPartOf\":{\"@id\":\"https:\/\/cureandcare.pt\/wp\/#website\"},\"datePublished\":\"2021-11-02T18:57:24+00:00\",\"dateModified\":\"2021-12-01T17:22:00+00:00\",\"breadcrumb\":{\"@id\":\"https:\/\/cureandcare.pt\/wp\/drenagem-linfatica-manual\/#breadcrumb\"},\"inLanguage\":\"pt-PT\",\"potentialAction\":[{\"@type\":\"ReadAction\",\"target\":[\"https:\/\/cureandcare.pt\/wp\/drenagem-linfatica-manual\/\"]}]},{\"@type\":\"BreadcrumbList\",\"@id\":\"https:\/\/cureandcare.pt\/wp\/drenagem-linfatica-manual\/#breadcrumb\",\"itemListElement\":[{\"@type\":\"ListItem\",\"position\":1,\"name\":\"In\u00edcio\",\"item\":\"https:\/\/cureandcare.pt\/wp\/\"},{\"@type\":\"ListItem\",\"position\":2,\"name\":\"Drenagem Linf\u00e1tica Manual\"}]},{\"@type\":\"WebSite\",\"@id\":\"https:\/\/cureandcare.pt\/wp\/#website\",\"url\":\"https:\/\/cureandcare.pt\/wp\/\",\"name\":\"CURE &amp; CARE\",\"description\":\"Cuidados e Preven\u00e7\u00e3o para a Sa\u00fade.\",\"publisher\":{\"@id\":\"https:\/\/cureandcare.pt\/wp\/#organization\"},\"potentialAction\":[{\"@type\":\"SearchAction\",\"target\":{\"@type\":\"EntryPoint\",\"urlTemplate\":\"https:\/\/cureandcare.pt\/wp\/?s={search_term_string}\"},\"query-input\":{\"@type\":\"PropertyValueSpecification\",\"valueRequired\":true,\"valueName\":\"search_term_string\"}}],\"inLanguage\":\"pt-PT\"},{\"@type\":\"Organization\",\"@id\":\"https:\/\/cureandcare.pt\/wp\/#organization\",\"name\":\"CURE &amp; CARE\",\"url\":\"https:\/\/cureandcare.pt\/wp\/\",\"logo\":{\"@type\":\"ImageObject\",\"inLanguage\":\"pt-PT\",\"@id\":\"https:\/\/cureandcare.pt\/wp\/#\/schema\/logo\/image\/\",\"url\":\"https:\/\/cureandcare.pt\/wp\/wp-content\/uploads\/2021\/10\/Cureandcarelogo__white.png\",\"contentUrl\":\"https:\/\/cureandcare.pt\/wp\/wp-content\/uploads\/2021\/10\/Cureandcarelogo__white.png\",\"width\":350,\"height\":100,\"caption\":\"CURE &amp; CARE\"},\"image\":{\"@id\":\"https:\/\/cureandcare.pt\/wp\/#\/schema\/logo\/image\/\"}}]}<\/script>\n<!-- \/ Yoast SEO plugin. -->","yoast_head_json":{"title":"Drenagem Linf\u00e1tica Manual - CURE &amp; CARE","robots":{"index":"index","follow":"follow","max-snippet":"max-snippet:-1","max-image-preview":"max-image-preview:large","max-video-preview":"max-video-preview:-1"},"canonical":"https:\/\/cureandcare.pt\/wp\/drenagem-linfatica-manual\/","og_locale":"pt_PT","og_type":"article","og_title":"Drenagem Linf\u00e1tica Manual - CURE &amp; CARE","og_description":"Drenagem Linf\u00e1tica Manual O Sistema Linf\u00e1tico \u00e9 o sistema celular base de purifica\u00e7\u00e3o e de desintoxica\u00e7\u00e3o do organismo, sendo tamb\u00e9m a base do Sistema Imunit\u00e1rio, revelando-se essencial na prote\u00e7\u00e3o e cura de doen\u00e7as. A Drenagem Linf\u00e1tica Manual consiste numa massagem suave, lenta e indolor que estimula os sistemas venoso e linf\u00e1tico, ativando a circula\u00e7\u00e3o local. [&hellip;]","og_url":"https:\/\/cureandcare.pt\/wp\/drenagem-linfatica-manual\/","og_site_name":"CURE &amp; CARE","article_modified_time":"2021-12-01T17:22:00+00:00","og_image":[{"url":"https:\/\/cureandcare.pt\/wp\/wp-content\/uploads\/2021\/11\/Drenagem-Linfa\u0301tica-Manual_CureAndCare-scaled.jpg","type":"","width":"","height":""}],"twitter_card":"summary_large_image","twitter_misc":{"Tempo estimado de leitura":"1 minuto"},"schema":{"@context":"https:\/\/schema.org","@graph":[{"@type":"WebPage","@id":"https:\/\/cureandcare.pt\/wp\/drenagem-linfatica-manual\/","url":"https:\/\/cureandcare.pt\/wp\/drenagem-linfatica-manual\/","name":"Drenagem Linf\u00e1tica Manual - CURE &amp; CARE","isPartOf":{"@id":"https:\/\/cureandcare.pt\/wp\/#website"},"datePublished":"2021-11-02T18:57:24+00:00","dateModified":"2021-12-01T17:22:00+00:00","breadcrumb":{"@id":"https:\/\/cureandcare.pt\/wp\/drenagem-linfatica-manual\/#breadcrumb"},"inLanguage":"pt-PT","potentialAction":[{"@type":"ReadAction","target":["https:\/\/cureandcare.pt\/wp\/drenagem-linfatica-manual\/"]}]},{"@type":"BreadcrumbList","@id":"https:\/\/cureandcare.pt\/wp\/drenagem-linfatica-manual\/#breadcrumb","itemListElement":[{"@type":"ListItem","position":1,"name":"In\u00edcio","item":"https:\/\/cureandcare.pt\/wp\/"},{"@type":"ListItem","position":2,"name":"Drenagem Linf\u00e1tica Manual"}]},{"@type":"WebSite","@id":"https:\/\/cureandcare.pt\/wp\/#website","url":"https:\/\/cureandcare.pt\/wp\/","name":"CURE &amp; CARE","description":"Cuidados e Preven\u00e7\u00e3o para a Sa\u00fade.","publisher":{"@id":"https:\/\/cureandcare.pt\/wp\/#organization"},"potentialAction":[{"@type":"SearchAction","target":{"@type":"EntryPoint","urlTemplate":"https:\/\/cureandcare.pt\/wp\/?s={search_term_string}"},"query-input":{"@type":"PropertyValueSpecification","valueRequired":true,"valueName":"search_term_string"}}],"inLanguage":"pt-PT"},{"@type":"Organization","@id":"https:\/\/cureandcare.pt\/wp\/#organization","name":"CURE &amp; CARE","url":"https:\/\/cureandcare.pt\/wp\/","logo":{"@type":"ImageObject","inLanguage":"pt-PT","@id":"https:\/\/cureandcare.pt\/wp\/#\/schema\/logo\/image\/","url":"https:\/\/cureandcare.pt\/wp\/wp-content\/uploads\/2021\/10\/Cureandcarelogo__white.png","contentUrl":"https:\/\/cureandcare.pt\/wp\/wp-content\/uploads\/2021\/10\/Cureandcarelogo__white.png","width":350,"height":100,"caption":"CURE &amp; CARE"},"image":{"@id":"https:\/\/cureandcare.pt\/wp\/#\/schema\/logo\/image\/"}}]}},"_links":{"self":[{"href":"https:\/\/cureandcare.pt\/wp\/wp-json\/wp\/v2\/pages\/593","targetHints":{"allow":["GET"]}}],"collection":[{"href":"https:\/\/cureandcare.pt\/wp\/wp-json\/wp\/v2\/pages"}],"about":[{"href":"https:\/\/cureandcare.pt\/wp\/wp-json\/wp\/v2\/types\/page"}],"author":[{"embeddable":true,"href":"https:\/\/cureandcare.pt\/wp\/wp-json\/wp\/v2\/users\/1"}],"replies":[{"embeddable":true,"href":"https:\/\/cureandcare.pt\/wp\/wp-json\/wp\/v2\/comments?post=593"}],"version-history":[{"count":13,"href":"https:\/\/cureandcare.pt\/wp\/wp-json\/wp\/v2\/pages\/593\/revisions"}],"predecessor-version":[{"id":887,"href":"https:\/\/cureandcare.pt\/wp\/wp-json\/wp\/v2\/pages\/593\/revisions\/887"}],"wp:attachment":[{"href":"https:\/\/cureandcare.pt\/wp\/wp-json\/wp\/v2\/media?parent=593"}],"curies":[{"name":"wp","href":"https:\/\/api.w.org\/{rel}","templated":true}]}}